{"id":224,"date":"2021-11-24T07:51:31","date_gmt":"2021-11-24T07:51:31","guid":{"rendered":"https:\/\/phys.usm.md\/?page_id=224"},"modified":"2026-03-19T10:22:14","modified_gmt":"2026-03-19T10:22:14","slug":"masterat-2","status":"publish","type":"page","link":"https:\/\/phys.usm.md\/?page_id=224","title":{"rendered":"Masterat"},"content":{"rendered":"<h3 style=\"text-align: center;\"><span style=\"font-family: 'times new roman', times; font-size: 24pt; color: #339966;\">ANUL de STUDII 2025-2026<\/span><\/h3>\n<table dir=\"ltr\" border=\"1\" cellspacing=\"0\" cellpadding=\"0\" data-sheets-root=\"1\" data-sheets-baot=\"1\">\n<colgroup>\n<col width=\"100\" \/>\n<col width=\"100\" \/>\n<col width=\"100\" \/><\/colgroup>\n<tbody>\n<tr>\n<td><\/td>\n<td style=\"text-align: center;\"><span style=\"color: #000080; font-size: 26px;\"><strong><span style=\"font-family: 'times new roman', times;\">Sesiuni de Recuperare \/ Promovare<\/span><\/strong><\/span><\/td>\n<td><span style=\"color: #000080; font-size: 26px;\"><strong><span style=\"font-family: 'times new roman', times;\">Sesiuni Ordinare<\/span><\/strong><\/span><\/td>\n<\/tr>\n<tr>\n<td><strong><span style=\"font-family: 'times new roman', times; font-size: 20px;\">Link: <a href=\"https:\/\/docs.google.com\/document\/d\/1VqdtQOpOuYQlt0H6VCWKpY6YB_AKLs0w\/edit?usp=sharing&amp;ouid=112611467008683710097&amp;rtpof=true&amp;sd=true\" target=\"_blank\" rel=\"noopener\">ORAR_sem.I<\/a><\/span><\/strong><\/td>\n<td><strong><span style=\"font-family: 'times new roman', times; font-size: 20px;\">Link: Orar \/ <span style=\"color: #ff0000;\">16.09.25-28.09.25 _ANUL II<\/span><\/span><\/strong><\/td>\n<td><strong><span style=\"font-family: 'times new roman', times; font-size: 20px;\">Link: <a href=\"https:\/\/docs.google.com\/document\/d\/110sadPAp7aPqUEJtQ1cUd15uMQ8xRAI02qzVreawg_E\/edit?usp=sharing\" target=\"_blank\" rel=\"noopener\">ORAR<\/a> \/ <\/span><span style=\"font-family: 'times new roman', times; font-size: 20px; color: #ff0000;\">21.12.25 &#8211; 31.12.25<\/span><\/strong><\/td>\n<\/tr>\n<tr>\n<td><strong><span style=\"font-family: 'times new roman', times; font-size: 20px;\"><span style=\"color: #ff0000;\">02.02.26-24.05.26<\/span> Link: <a href=\"https:\/\/docs.google.com\/document\/d\/1biWi_HummZOYJX0b-bQZ3sVb29cwNdNY\/edit?usp=sharing&amp;ouid=112611467008683710097&amp;rtpof=true&amp;sd=true\" target=\"_blank\" rel=\"noopener\">ORAR_sem.II<\/a><\/span><\/strong><\/td>\n<td><strong><span style=\"font-family: 'times new roman', times; font-size: 20px;\">Link: Orar \/ <span style=\"color: #ff0000;\"><a href=\"https:\/\/drive.google.com\/file\/d\/1XogsR8zyx17YmMvZpdKpdz2iQMjCjIir\/view?usp=sharing\" target=\"_blank\" rel=\"noopener\">16.03.2026 &#8211; 05.04.2026<\/a>_<\/span><\/span><\/strong><strong style=\"font-family: inherit; font-size: inherit; background-color: transparent;\"><span style=\"font-family: 'times new roman', times; font-size: 20px;\"><span style=\"color: #ff0000;\">Absolven\u021bi_<\/span><\/span><\/strong><strong style=\"font-size: inherit; background-color: transparent;\"><span style=\"font-family: 'times new roman', times; font-size: 20px;\"><span style=\"color: #ff0000;\">Sesiune de promovare<\/span><\/span><\/strong><\/p>\n<p><strong><span style=\"font-family: 'times new roman', times; font-size: 20px;\">Link: Orar \/ <a href=\"https:\/\/drive.google.com\/file\/d\/1ft6e0SF57R0NLKRrad-tsej8jrAkuPp2\/view?usp=sharing\" target=\"_blank\" rel=\"noopener\"><span style=\"color: #ff0000;\">02.03.2026-15.03.2026_ANUL II<\/span><\/a><\/span><\/strong><\/p>\n<p><strong><span style=\"font-family: 'times new roman', times; font-size: 20px;\">Link: Orar \/ <a href=\"https:\/\/drive.google.com\/file\/d\/1LPgMKlEDEtfe5mvE9xRnXVRO9pWTlCND\/view?usp=sharing\" target=\"_blank\" rel=\"noopener\"><span style=\"color: #ff0000;\">09.02.2026-22.02.2026_ANUL II<\/span><\/a><\/span><\/strong><\/p>\n<p><strong><span style=\"font-family: 'times new roman', times; font-size: 20px;\">Link: Orar \/ <a href=\"https:\/\/drive.google.com\/file\/d\/1-pW_Rq898TAghxSBRcXrZ2q8SrObnYTx\/view?usp=sharing\" target=\"_blank\" rel=\"noopener\"><span style=\"color: #ff0000;\">16.02.2026-01.03.2026_ANUL I<\/span><\/a><\/span><\/strong><\/td>\n<td><strong><span style=\"font-family: 'times new roman', times; font-size: 20px;\">Link: ORAR \/\u00a0<\/span><\/strong><\/td>\n<\/tr>\n<\/tbody>\n<\/table>\n<p><!--more--><\/p>\n<h3 style=\"text-align: center;\"><span style=\"font-family: 'times new roman', times; font-size: 24pt; color: #339966;\">ANUL de STUDII 2024-2025<\/span><\/h3>\n<table dir=\"ltr\" border=\"1\" cellspacing=\"0\" cellpadding=\"0\" data-sheets-root=\"1\" data-sheets-baot=\"1\">\n<colgroup>\n<col width=\"100\" \/>\n<col width=\"100\" \/>\n<col width=\"100\" \/><\/colgroup>\n<tbody>\n<tr>\n<td><\/td>\n<td style=\"text-align: center;\"><span style=\"color: #000080; font-size: 26px;\"><strong><span style=\"font-family: 'times new roman', times;\">Sesiuni de Recuperare<\/span><\/strong><\/span><\/td>\n<td><span style=\"color: #000080; font-size: 26px;\"><strong><span style=\"font-family: 'times new roman', times;\">Sesiuni Ordinare<\/span><\/strong><\/span><\/td>\n<\/tr>\n<tr>\n<td><strong><span style=\"font-family: 'times new roman', times; font-size: 20px;\">Link: <a href=\"https:\/\/docs.google.com\/document\/d\/1_OyOKMhMXM_BBDvwYI-7SF41SnZa15tU\/edit?usp=sharing&amp;ouid=112611467008683710097&amp;rtpof=true&amp;sd=true\" target=\"_blank\" rel=\"noopener\">ORAR_sem.I<\/a><\/span><\/strong><\/td>\n<td><strong><span style=\"font-family: 'times new roman', times; font-size: 20px;\">Link: <a href=\"https:\/\/docs.google.com\/document\/d\/1EMhLJExwNnYKetwqfCxIMsJMzg4oJGpU\/edit?usp=sharing&amp;ouid=112611467008683710097&amp;rtpof=true&amp;sd=true\" target=\"_blank\" rel=\"noopener\">Orar<\/a> \/ <span style=\"color: #ff0000;\">17.02.25-02.03.25<\/span><\/span><\/strong><\/p>\n<p><strong><span style=\"font-family: 'times new roman', times; font-size: 20px;\">Link: <a href=\"https:\/\/docs.google.com\/document\/d\/1j4FoQpCd71Bc0GS3e4UekORQE9o8Fjcm\/edit?usp=sharing&amp;ouid=112611467008683710097&amp;rtpof=true&amp;sd=true\" target=\"_blank\" rel=\"noopener\">ORAR<\/a> \/ <span style=\"color: #ff0000;\">16.09.24-29.09.24<\/span><\/span><\/strong><\/td>\n<td><strong><span style=\"font-family: 'times new roman', times; font-size: 20px;\">Link: <a href=\"https:\/\/docs.google.com\/document\/d\/1eV6p6U2x3f8bFLMv6O6JM-1v_abajr1x41Egu3i-c2Y\/edit?usp=sharing\" target=\"_blank\" rel=\"noopener\">ORAR<\/a> \/ <span style=\"color: #ff0000;\">21.12.24-30.12.24<\/span><\/span><\/strong><\/td>\n<\/tr>\n<tr>\n<td><strong><span style=\"font-family: 'times new roman', times; font-size: 20px;\">Link: <a href=\"https:\/\/docs.google.com\/document\/d\/1i72NQPQyxV-xeh39m4RrZcMbZj_0nlpx\/edit?usp=sharing&amp;ouid=112611467008683710097&amp;rtpof=true&amp;sd=true\" target=\"_blank\" rel=\"noopener\">ORAR_sem.II<\/a><\/span><\/strong><\/td>\n<td><strong><span style=\"font-family: 'times new roman', times; font-size: 20px;\">Link: <a href=\"https:\/\/drive.google.com\/file\/d\/1rFMGgN20vcKGLtoYiH_JFdMHvBWWDJnv\/view?usp=sharing\" target=\"_blank\" rel=\"noopener\">Orar <\/a>\/ <span style=\"color: #ff0000;\">17.06.25-30.06.25<\/span><\/span><\/strong><\/td>\n<td><strong><span style=\"font-family: 'times new roman', times; font-size: 20px;\">Link: <a href=\"https:\/\/docs.google.com\/document\/d\/1sAQQJ9UdL4sQrlqsnMosNd9VLACxV4-NQSQj-QAy1i8\/edit?usp=sharing\" target=\"_blank\" rel=\"noopener\">ORAR<\/a> \/ <span style=\"color: #ff0000;\">27.05.25-16.06.25<\/span><\/span><\/strong><\/td>\n<\/tr>\n<\/tbody>\n<\/table>\n<p><!--more--><\/p>\n<h3 style=\"text-align: center;\"><span style=\"font-family: 'times new roman', times; font-size: 24pt; color: #339966;\">ANUL de STUDII 2023-2024<\/span><\/h3>\n<p style=\"text-align: center;\"><span style=\"color: #008000;\"><em><strong><span style=\"font-size: 18pt;\">SEMESTRUL II<\/span><\/strong><\/em><\/span><\/p>\n<p><strong><span style=\"color: #0000ff; font-family: 'times new roman', times; font-size: 24pt;\"><a href=\"https:\/\/docs.google.com\/spreadsheets\/d\/1eiOlPBxA93vQ00X5eBFdCAk-Ed2pDKIAPHMCeg_621Y\/edit?usp=sharing\" target=\"_blank\" rel=\"noopener\"><span style=\"font-size: 18pt;\">ORAR MASTERAT SEMESTRUL II: 29.01.24-19.05.24<\/span><\/a>\u00a0\/\/ <span style=\"font-family: 'times new roman', times; font-size: 18pt;\"><span style=\"font-size: 14pt;\"><em><span style=\"color: #ff0000;\">Aten\u0163ie \u00ee<\/span><\/em><span style=\"color: #ff0000;\"><b><em>n primele s\u0103pt\u0103m\u00e2ni pot interveni unele modific\u0103ri !!!<\/em><\/b><\/span><\/span><\/span><\/span><\/strong><\/p>\n<p style=\"text-align: center;\"><span style=\"color: #008000;\"><em><strong><span style=\"font-size: 18pt;\">SEMESTRUL I<\/span><\/strong><\/em><\/span><\/p>\n<p><strong><span style=\"color: #0000ff; font-family: 'times new roman', times; font-size: 24pt;\"><a href=\"https:\/\/docs.google.com\/spreadsheets\/d\/1h97hxseNHbuZScGgBYbA4JkawHUtzB6hqxjQZINhErU\/edit?usp=sharing\" target=\"_blank\" rel=\"noopener\"><span style=\"font-size: 18pt;\">ORAR MASTERAT SEMESTRUL I: 11.09.23-23.12.23<\/span><\/a> \/\/ <span style=\"font-family: 'times new roman', times; font-size: 18pt;\"><span style=\"font-size: 14pt;\"><em><span style=\"color: #ff0000;\">Aten\u0163ie \u00ee<\/span><\/em><span style=\"color: #ff0000;\"><b><em>n primele s\u0103pt\u0103m\u00e2ni pot interveni unele modific\u0103ri !!!<\/em><\/b><\/span><\/span><\/span><\/span><\/strong><\/p>\n<h2><span style=\"font-size: 18pt; color: #008000;\"><em><strong>\u2666 Sesiuni ordinare<\/strong><\/em><\/span><\/h2>\n<p><span style=\"color: #000080;\"><strong><span style=\"font-size: 18pt;\"><a href=\"https:\/\/docs.google.com\/document\/d\/1TcAfHzh2SO-EEmVPapAtE8q_E5MENRhMFq3QpsOgieo\/edit?usp=sharing\" target=\"_blank\" rel=\"noopener\">ORAR SESIUNEA ORDINAR\u0102 (Var\u0103)<\/a> \/ <span style=\"color: #339966;\">20.05.24-09.06.24<\/span><\/span><\/strong><\/span><\/p>\n<p><a href=\"https:\/\/docs.google.com\/spreadsheets\/d\/1NQOso2t6nwUWI0ffqsfUhAX0iqaCNYb6T4bzpAQ_9eo\/edit?usp=sharing\" target=\"_blank\" rel=\"noopener\"><span style=\"color: #000080;\"><strong><span style=\"font-size: 18pt;\">ORAR SESIUNEA ORDINAR\u0102 (Iarn\u0103) \/ <span style=\"color: #339966;\">23.12.23-31.12.23; 25.01.24-28.01.24<\/span><\/span><\/strong><\/span><\/a><\/p>\n<h2><span style=\"font-size: 18pt; color: #008000;\"><em><strong>\u2666<\/strong><\/em><\/span><em style=\"color: #008000; font-size: 18pt; background-color: transparent;\"><strong>Sesiuni de recuperare<\/strong><\/em><\/h2>\n<p><strong><span style=\"font-family: 'times new roman', times; font-size: 14pt;\"><span style=\"color: #ff0000;\">17.06.24-30.06.24-<\/span> \/\/ <a href=\"https:\/\/docs.google.com\/document\/d\/1PCy7SD25GNGjWJjNhv9FSMfIhPx8ZNHv\/edit?usp=sharing&amp;ouid=112611467008683710097&amp;rtpof=true&amp;sd=true\" target=\"_blank\" rel=\"noopener\">ORARUL SESIUNII DE RECUPERARE_ANUL_I<\/a><\/span><\/strong><\/p>\n<p><strong><span style=\"font-family: 'times new roman', times; font-size: 14pt;\"><span style=\"color: #ff0000;\">12.02.24-03.03.24<\/span> \/\/ <a href=\"https:\/\/docs.google.com\/document\/d\/1UmjxevFd1wLA8SOuAvQ1n5z2u8BVDOKm\/edit?usp=sharing&amp;ouid=112611467008683710097&amp;rtpof=true&amp;sd=true\" target=\"_blank\" rel=\"noopener\">ORARUL SESIUNII DE RECUPERARE_ANUL_I<\/a><\/span><\/strong><\/p>\n<p><span style=\"font-size: 14pt;\"><strong><span style=\"font-family: 'times new roman', times;\"><span style=\"color: #ff0000;\">05.02.24-18.02.24<\/span> \/\/ <a href=\"https:\/\/docs.google.com\/document\/d\/12Ea6ChmVU47SGYDuHhyTXKMsvV-Aqz_M\/edit?usp=drive_link&amp;ouid=112611467008683710097&amp;rtpof=true&amp;sd=true\" target=\"_blank\" rel=\"noopener\">ORARUL SESIUNII DE RECUPERARE_ANUL II<\/a><\/span><\/strong><\/span><\/p>\n<p><span style=\"color: #800000;\"><strong><span style=\"font-family: 'times new roman', times; font-size: 14pt;\"><b>18.09.2023 \u2013 30.09.2023\/\/ <a href=\"https:\/\/docs.google.com\/document\/d\/1pHXjzusBxILW1Hys1O5yN-SaR9-NO361\/edit?usp=sharing&amp;ouid=112611467008683710097&amp;rtpof=true&amp;sd=true\" target=\"_blank\" rel=\"noopener\"><span style=\"color: #003366;\">ORARUL SESIUNII DE RECUPERARE<\/span><\/a><\/b><\/span><\/strong><\/span><\/p>\n<h3 style=\"text-align: center;\"><span style=\"font-family: 'times new roman', times; font-size: 24pt; color: #339966;\">ANUL de STUDII 2022-2023<\/span><\/h3>\n<p><span style=\"font-size: 18pt;\"><strong><em>Aten\u0163ie \u00ee<\/em><\/strong><b><em>n primele s\u0103pt\u0103m\u00e2ni pot interveni unele modific\u0103ri !!!<\/em><\/b><\/span><\/p>\n<p><a href=\"https:\/\/docs.google.com\/spreadsheets\/d\/1RW2mWkPXtjv4dvZ5z6g7sjtQsAXoZN-8H_O6m3NPT3E\/edit?usp=sharing\" target=\"_blank\" rel=\"noopener\"><strong><span style=\"font-family: 'times new roman', times; font-size: 18pt;\">Anul I: ORAR MASTERAT SEMESTRUL II- 06.02.23-28.05.23<\/span><\/strong><\/a><\/p>\n<p><span style=\"font-family: 'times new roman', times; font-size: 18pt;\"><a href=\"https:\/\/docs.google.com\/spreadsheets\/d\/1i-3q4fLU8susCao4Ixp5PmchzhWCPIDWSJyVFtxRTxw\/edit?usp=sharing\" target=\"_blank\" rel=\"noopener\"><strong>Anul I:<\/strong> ORAR MASTERAT SEMESTRUL I_2022-2023 \/<strong>12.09.22-23.12.22<\/strong><\/a><\/span><\/p>\n<p style=\"text-align: left;\"><span style=\"font-family: 'times new roman', times; font-size: 18pt;\"><a href=\"https:\/\/docs.google.com\/spreadsheets\/d\/1-Jxc5io6kyzaSrFtbufGQPYGYzMzNdCALF9AV4SmaFI\/edit?usp=sharing\" target=\"_blank\" rel=\"noopener\"><strong>Anul II<\/strong>: ORAR MASTERAT \/ <strong>12.09.22-18.11.22<\/strong><\/a><\/span><\/p>\n<h1><em><strong><span style=\"font-family: 'times new roman', times; font-size: 18pt; color: #008000;\">\u2666 SESIUNI DE RECUPERARE\u00a0<\/span><\/strong><\/em><\/h1>\n<p><span style=\"color: #993300;\"><strong><span style=\"font-family: 'times new roman', times; font-size: 18pt;\">19.06.23-01.07.23 \/\/ <a href=\"https:\/\/docs.google.com\/document\/d\/1J80IQ-Owcce95NYgLzQc_9rRZdL8r8-eEsxLi2EV1Xs\/edit?usp=sharing\" target=\"_blank\" rel=\"noopener\">Orar sesiune de recuparare<\/a><\/span><\/strong><\/span><\/p>\n<ul>\n<li><strong><span style=\"font-size: 18pt; font-family: 'times new roman', times;\"><a href=\"https:\/\/docs.google.com\/document\/d\/1hh8CIhkxbe6FnXNFjcqIG7Ikcg1T9ubq\/edit?usp=sharing&amp;ouid=113983832211519551688&amp;rtpof=true&amp;sd=true\" target=\"_blank\" rel=\"noopener\">Orar sesiune de recuperare_20.02.23-05.03.23\/ Anul I<\/a><\/span><\/strong><\/li>\n<li><a href=\"https:\/\/docs.google.com\/document\/d\/1WfL_uuR2RJlr6R89jR_J8eTVvNUqceuh\/edit?usp=sharing&amp;ouid=113983832211519551688&amp;rtpof=true&amp;sd=true\" target=\"_blank\" rel=\"noopener\"><strong><span style=\"font-family: 'times new roman', times; font-size: 18pt;\">Orar sesiune de recuparare \/ 13.02.2023-26.02.2023 \/ Anul II<\/span><\/strong><\/a><\/li>\n<li><span style=\"font-size: 18pt;\"><a href=\"https:\/\/drive.google.com\/file\/d\/1I5dQke91KxGdYyyXKSS_2BD5-9phSkH4\/view?usp=sharing\" target=\"_blank\" rel=\"noopener\"><strong><span style=\"font-family: 'times new roman', times;\">Orar sesiune de recuperare \/ 19.09.22-30.09.22 \/ Anul II<\/span><\/strong><\/a><\/span><\/li>\n<\/ul>\n<p><em style=\"background-color: transparent;\"><strong><span style=\"font-family: 'times new roman', times; font-size: 18pt; color: #008000;\">\u2666 SESIUNI ORDINARE<\/span><\/strong><\/em><\/p>\n<ul>\n<li style=\"list-style-type: none;\">\n<ul>\n<li style=\"text-align: left;\"><a href=\"https:\/\/docs.google.com\/document\/d\/1-FysVxEBDf69it8sUmk8Wqb8Mqt8-7RMDgoZuCPCpXQ\/edit?usp=share_link\" target=\"_blank\" rel=\"noopener\"><strong><span style=\"font-family: 'times new roman', times; font-size: 14pt;\">ORARUL SESIUNII ORDINARE\/29.05.23-18.06.23<\/span><\/strong><\/a><\/li>\n<li style=\"text-align: left;\"><span style=\"font-size: 14pt;\"><a href=\"https:\/\/docs.google.com\/spreadsheets\/d\/14cndjiC8IfGHxEz1m7raDW77v2HUkhdrvoBBIqAaR40\/edit?usp=sharing\"><strong><span style=\"font-family: 'times new roman', times;\">Orarul sesiunii ordinare \/ 24.12.22-30.12.22; 30.01.23-06.02.23<\/span><\/strong><\/a><\/span><\/li>\n<\/ul>\n<\/li>\n<\/ul>\n","protected":false},"excerpt":{"rendered":"<p>ANUL de STUDII 2025-2026 Sesiuni de Recuperare \/ Promovare Sesiuni Ordinare Link: ORAR_sem.I Link: Orar \/ 16.09.25-28.09.25 _ANUL II Link: ORAR \/ 21.12.25 &#8211; 31.12.25 02.02.26-24.05.26 Link: ORAR_sem.II Link: Orar \/ 16.03.2026 &#8211; 05.04.2026_Absolven\u021bi_Sesiune de promovare Link: Orar \/ 02.03.2026-15.03.2026_ANUL II Link: Orar \/ 09.02.2026-22.02.2026_ANUL II Link: Orar \/ 16.02.2026-01.03.2026_ANUL I Link: ORAR \/\u00a0<\/p>\n","protected":false},"author":1,"featured_media":0,"parent":0,"menu_order":0,"comment_status":"closed","ping_status":"closed","template":"","meta":{"footnotes":""},"class_list":["post-224","page","type-page","status-publish","hentry"],"rttpg_featured_image_url":null,"rttpg_author":{"display_name":"","author_link":"https:\/\/phys.usm.md\/?author=1"},"rttpg_comment":0,"rttpg_category":null,"rttpg_excerpt":"ANUL de STUDII 2025-2026 Sesiuni de Recuperare \/ Promovare Sesiuni Ordinare Link: ORAR_sem.I Link: Orar \/ 16.09.25-28.09.25 _ANUL II Link: ORAR \/ 21.12.25 &#8211; 31.12.25 02.02.26-24.05.26 Link: ORAR_sem.II Link: Orar \/ 16.03.2026 &#8211; 05.04.2026_Absolven\u021bi_Sesiune de promovare Link: Orar \/ 02.03.2026-15.03.2026_ANUL II Link: Orar \/ 09.02.2026-22.02.2026_ANUL II Link: Orar \/ 16.02.2026-01.03.2026_ANUL I Link: ORAR \/\u00a0","_links":{"self":[{"href":"https:\/\/phys.usm.md\/index.php?rest_route=\/wp\/v2\/pages\/224","targetHints":{"allow":["GET"]}}],"collection":[{"href":"https:\/\/phys.usm.md\/index.php?rest_route=\/wp\/v2\/pages"}],"about":[{"href":"https:\/\/phys.usm.md\/index.php?rest_route=\/wp\/v2\/types\/page"}],"author":[{"embeddable":true,"href":"https:\/\/phys.usm.md\/index.php?rest_route=\/wp\/v2\/users\/1"}],"replies":[{"embeddable":true,"href":"https:\/\/phys.usm.md\/index.php?rest_route=%2Fwp%2Fv2%2Fcomments&post=224"}],"version-history":[{"count":60,"href":"https:\/\/phys.usm.md\/index.php?rest_route=\/wp\/v2\/pages\/224\/revisions"}],"predecessor-version":[{"id":1504,"href":"https:\/\/phys.usm.md\/index.php?rest_route=\/wp\/v2\/pages\/224\/revisions\/1504"}],"wp:attachment":[{"href":"https:\/\/phys.usm.md\/index.php?rest_route=%2Fwp%2Fv2%2Fmedia&parent=224"}],"curies":[{"name":"wp","href":"https:\/\/api.w.org\/{rel}","templated":true}]}}