{"id":689,"date":"2022-07-15T12:05:32","date_gmt":"2022-07-15T12:05:32","guid":{"rendered":"https:\/\/phys.usm.md\/?page_id=689"},"modified":"2025-07-23T19:19:02","modified_gmt":"2025-07-23T19:19:02","slug":"admitere-2022","status":"publish","type":"page","link":"https:\/\/phys.usm.md\/?page_id=689","title":{"rendered":"Admitere"},"content":{"rendered":"<p style=\"text-align: center;\"><strong><span style=\"font-family: 'times new roman', times; font-size: 18px; color: #ff0000;\">ADMITERE 2025<\/span><\/strong><\/p>\n<p><span style=\"color: #333399;\"><b>!\u00a0<\/b><b>Comisia de admitere a USM \u00ee\u0219i desf\u0103\u0219oar\u0103 activitatea \u00een perioada de admitere \u00een blocul central al USM, strada Alexei Mateevici, 60, or. Chi\u0219in\u0103u<\/b>\u00a0<\/span><\/p>\n<p><span style=\"color: #333399;\"><b>!\u00a0<\/b><b>PROGRAM DE LUCRU AL COMISIEI DE ADMITERE<\/b>\u00a0<\/span><\/p>\n<p><span style=\"color: #333399;\"><b>Luni \u2013 S\u00e2mb\u0103t\u0103: 09.00-17.00 (pauz\u0103 de mas\u0103:13.00-14.00)<\/b>\u00a0<\/span><\/p>\n<p><span style=\"color: #333399;\"><b>Duminic\u0103: 09.00-13.00\u00a0<\/b>\u00a0\u00a0<\/span><\/p>\n<p><span style=\"color: #333399;\"><b>AMPLASAREA COMISIILOR DE ADMITERE USM<\/b>\u00a0<\/span><\/p>\n<p><span style=\"color: #333399;\">Facultatea de Fizic\u0103 \u0219i Inginerie \u2013 sala 309, etaj 3, telefon: +373 67317713, +373 67560050\u00a0<\/span><\/p>\n<p><span style=\"color: #333399;\"><b>E bine s\u0103 \u0219tii!<\/b>\u00a0<\/span><\/p>\n<p><span style=\"color: #333399;\">Concursul de admitere la studii se va desf\u0103\u0219ura \u00een c\u00e2teva etape.\u00a0\u00a0<\/span><\/p>\n<ul>\n<li aria-setsize=\"-1\" data-leveltext=\"\uf0b7\" data-font=\"Symbol\" data-listid=\"2\" data-list-defn-props=\"{&quot;335552541&quot;:1,&quot;335559685&quot;:1440,&quot;335559991&quot;:360,&quot;469769226&quot;:&quot;Symbol&quot;,&quot;469769242&quot;:[8226],&quot;469777803&quot;:&quot;left&quot;,&quot;469777804&quot;:&quot;\uf0b7&quot;,&quot;469777815&quot;:&quot;hybridMultilevel&quot;}\" data-aria-posinset=\"1\" data-aria-level=\"1\"><span style=\"color: #333399;\"><b>Etapa I (21 iulie \u2013 27 iulie)<\/b>\u00a0<\/span><\/li>\n<\/ul>\n<ul>\n<li aria-setsize=\"-1\" data-leveltext=\"-\" data-font=\"Times New Roman\" data-listid=\"3\" data-list-defn-props=\"{&quot;335551671&quot;:5,&quot;335552541&quot;:1,&quot;335559685&quot;:1800,&quot;335559991&quot;:360,&quot;469769226&quot;:&quot;Times New Roman&quot;,&quot;469769242&quot;:[8226],&quot;469777803&quot;:&quot;left&quot;,&quot;469777804&quot;:&quot;-&quot;,&quot;469777815&quot;:&quot;hybridMultilevel&quot;}\" data-aria-posinset=\"5\" data-aria-level=\"1\"><span style=\"color: #333399;\"><b>\u00cenregistrarea candidatului \u00een sistemul informa\u021bional eadmitere.gov.md \u0219i depunerea online a dosarului de concurs cu actele obligatorii. Informa\u021biile privind actele necesare pentru dosarul de concurs pot fi consultate la urm\u0103torul link:\u00a0<\/b><a style=\"color: #333399;\" href=\"https:\/\/usm.md\/?page_id=39420\"><b>usm.md<\/b><\/a><\/span><\/li>\n<\/ul>\n<p><span style=\"color: #333399;\">\u00cen perioada\u00a0<b>21-27 iulie<\/b>\u00a0<b>2025<\/b>, candida\u021bii la admitere se vor putea \u00eenregistra \u00een sistemul informa\u021bional e-admitere \u00een cadrul USM, fiind ghida\u021bi de operatorii serviciului de suport tehnic USM.\u00a0\u00a0<\/span><\/p>\n<p><span style=\"color: #333399;\">E-admitere pentru candida\u021bii la studii\u00a0<b>cu<\/b>\u00a0semn\u0103tur\u0103 electronic\u0103 \u2013\u00a0<b>sala 411, etaj 4;<\/b>\u00a0<\/span><\/p>\n<p><span style=\"color: #333399;\">E-admitere pentru candida\u021bii la studii<b>\u00a0f\u0103r\u0103<\/b>\u00a0semn\u0103tur\u0103 electronic\u0103 \u2013\u00a0<b>sala 309, etaj 3.<\/b>\u00a0\u00a0<\/span><\/p>\n<ul>\n<li aria-setsize=\"-1\" data-leveltext=\"\uf0b7\" data-font=\"Symbol\" data-listid=\"2\" data-list-defn-props=\"{&quot;335552541&quot;:1,&quot;335559685&quot;:1440,&quot;335559991&quot;:360,&quot;469769226&quot;:&quot;Symbol&quot;,&quot;469769242&quot;:[8226],&quot;469777803&quot;:&quot;left&quot;,&quot;469777804&quot;:&quot;\uf0b7&quot;,&quot;469777815&quot;:&quot;hybridMultilevel&quot;}\" data-aria-posinset=\"2\" data-aria-level=\"1\"><span style=\"color: #333399;\"><b>Etapa II (6 august \u2013 10 august)<\/b>\u00a0<\/span><\/li>\n<\/ul>\n<ul>\n<li aria-setsize=\"-1\" data-leveltext=\"-\" data-font=\"Times New Roman\" data-listid=\"3\" data-list-defn-props=\"{&quot;335551671&quot;:5,&quot;335552541&quot;:1,&quot;335559685&quot;:1800,&quot;335559991&quot;:360,&quot;469769226&quot;:&quot;Times New Roman&quot;,&quot;469769242&quot;:[8226],&quot;469777803&quot;:&quot;left&quot;,&quot;469777804&quot;:&quot;-&quot;,&quot;469777815&quot;:&quot;hybridMultilevel&quot;}\" data-aria-posinset=\"6\" data-aria-level=\"1\"><span style=\"color: #333399;\"><b>Depunerea dosarului de concurs cu actele \u00een original la sediul USM, \u00een cadrul Comisiei de admitere a facult\u0103\u021bii selectate.<\/b>\u00a0<\/span><\/li>\n<\/ul>\n<p><span style=\"color: #333399;\">Dosarul de concurs va putea fi depus dup\u0103 anun\u021barea rezultatelor intermediare (pe pagina web USM \u0219i la sediul USM).\u00a0<\/span><\/p>\n<ul>\n<li aria-setsize=\"-1\" data-leveltext=\"\uf0b7\" data-font=\"Symbol\" data-listid=\"2\" data-list-defn-props=\"{&quot;335552541&quot;:1,&quot;335559685&quot;:1440,&quot;335559991&quot;:360,&quot;469769226&quot;:&quot;Symbol&quot;,&quot;469769242&quot;:[8226],&quot;469777803&quot;:&quot;left&quot;,&quot;469777804&quot;:&quot;\uf0b7&quot;,&quot;469777815&quot;:&quot;hybridMultilevel&quot;}\" data-aria-posinset=\"3\" data-aria-level=\"1\"><span style=\"color: #333399;\"><b>Etapa III (12 august)<\/b>\u00a0<\/span><\/li>\n<\/ul>\n<ul>\n<li aria-setsize=\"-1\" data-leveltext=\"-\" data-font=\"Times New Roman\" data-listid=\"3\" data-list-defn-props=\"{&quot;335551671&quot;:5,&quot;335552541&quot;:1,&quot;335559685&quot;:1800,&quot;335559991&quot;:360,&quot;469769226&quot;:&quot;Times New Roman&quot;,&quot;469769242&quot;:[8226],&quot;469777803&quot;:&quot;left&quot;,&quot;469777804&quot;:&quot;-&quot;,&quot;469777815&quot;:&quot;hybridMultilevel&quot;}\" data-aria-posinset=\"7\" data-aria-level=\"1\"><span style=\"color: #333399;\"><b>Afi\u0219area rezultatelor finale.<\/b>\u00a0<\/span><\/li>\n<\/ul>\n<p><span style=\"color: #333399;\">Rezultatele finale vor fi afi\u0219ate pe pagina web a USM \u0219i la sediul USM.\u00a0\u00a0<\/span><\/p>\n<p><span style=\"color: #333399;\"><b>PERFORMAN\u021aA TA \u00ceNCEPE LA USM!!!<\/b>\u00a0<\/span><\/p>\n<p><span style=\"font-family: 'times new roman', times; font-size: 14px; color: #ff0000;\"><strong>Pentru mai multe detalii consulta\u021bi urm\u0103torul LINK<\/strong><\/span>: <a href=\"https:\/\/admitere.usm.md\/?page_id=4467\" target=\"_blank\" rel=\"noopener\">https:\/\/admitere.usm.md\/?page_id=4467<\/a><\/p>\n<p style=\"text-align: center;\"><strong><span style=\"font-family: 'times new roman', times; font-size: 18px; color: #ff0000;\">ADMITERE 2022<\/span><\/strong><\/p>\n<p><span style=\"font-family: 'times new roman', times; font-size: 14pt;\">Dragi candida\u021bi, V\u0103 anun\u021b\u0103m c\u0103 sesiunea de baz\u0103 a concursului de admitere se va desf\u0103\u0219ura \u00een perioada<em><strong> 25 iulie \u2013 8 august\u00a0<\/strong><\/em>dup\u0103 cum urmeaz\u0103:<\/span><\/p>\n<ul>\n<li><span style=\"font-family: 'times new roman', times; font-size: 14pt;\">Depunerea dosarului de concurs \u2013 <em><strong>25 iulie \u2013 2 august 2022<\/strong><\/em>;<\/span><\/li>\n<li><span style=\"font-family: 'times new roman', times; font-size: 14pt;\">Anun\u021barea rezultatelor intermediare \u2013 <em><strong>3 august 202<\/strong><\/em>2;<\/span><\/li>\n<li><span style=\"font-family: 'times new roman', times; font-size: 14pt;\">Depunerea actelor \u00een original \u2013 <em><strong>4 august \u2013 6 august 2022<\/strong><\/em>;<\/span><\/li>\n<li><span style=\"font-family: 'times new roman', times; font-size: 14pt;\">Anun\u021barea rezultatelor finale \u2013 <em><strong>8 august 2022<\/strong><\/em>.<\/span><\/li>\n<\/ul>\n","protected":false},"excerpt":{"rendered":"<p>ADMITERE 2025 !\u00a0Comisia de admitere a USM \u00ee\u0219i desf\u0103\u0219oar\u0103 activitatea \u00een perioada de admitere \u00een blocul central al USM, strada Alexei Mateevici, 60, or. Chi\u0219in\u0103u\u00a0 !\u00a0PROGRAM DE LUCRU AL COMISIEI DE ADMITERE\u00a0 Luni \u2013 S\u00e2mb\u0103t\u0103: 09.00-17.00 (pauz\u0103 de mas\u0103:13.00-14.00)\u00a0 Duminic\u0103: 09.00-13.00\u00a0\u00a0\u00a0 AMPLASAREA COMISIILOR DE ADMITERE USM\u00a0 Facultatea de Fizic\u0103 \u0219i Inginerie \u2013 sala 309, etaj&hellip; <br \/> <a class=\"read-more\" href=\"https:\/\/phys.usm.md\/?page_id=689\">Cite\u0219te mai mult<\/a><\/p>\n","protected":false},"author":1,"featured_media":0,"parent":0,"menu_order":0,"comment_status":"closed","ping_status":"closed","template":"","meta":{"footnotes":""},"class_list":["post-689","page","type-page","status-publish","hentry"],"rttpg_featured_image_url":null,"rttpg_author":{"display_name":"","author_link":"https:\/\/phys.usm.md\/?author=1"},"rttpg_comment":0,"rttpg_category":null,"rttpg_excerpt":"ADMITERE 2025 !\u00a0Comisia de admitere a USM \u00ee\u0219i desf\u0103\u0219oar\u0103 activitatea \u00een perioada de admitere \u00een blocul central al USM, strada Alexei Mateevici, 60, or. Chi\u0219in\u0103u\u00a0 !\u00a0PROGRAM DE LUCRU AL COMISIEI DE ADMITERE\u00a0 Luni \u2013 S\u00e2mb\u0103t\u0103: 09.00-17.00 (pauz\u0103 de mas\u0103:13.00-14.00)\u00a0 Duminic\u0103: 09.00-13.00\u00a0\u00a0\u00a0 AMPLASAREA COMISIILOR DE ADMITERE USM\u00a0 Facultatea de Fizic\u0103 \u0219i Inginerie \u2013 sala 309, etaj&hellip;&hellip;","_links":{"self":[{"href":"https:\/\/phys.usm.md\/index.php?rest_route=\/wp\/v2\/pages\/689","targetHints":{"allow":["GET"]}}],"collection":[{"href":"https:\/\/phys.usm.md\/index.php?rest_route=\/wp\/v2\/pages"}],"about":[{"href":"https:\/\/phys.usm.md\/index.php?rest_route=\/wp\/v2\/types\/page"}],"author":[{"embeddable":true,"href":"https:\/\/phys.usm.md\/index.php?rest_route=\/wp\/v2\/users\/1"}],"replies":[{"embeddable":true,"href":"https:\/\/phys.usm.md\/index.php?rest_route=%2Fwp%2Fv2%2Fcomments&post=689"}],"version-history":[{"count":5,"href":"https:\/\/phys.usm.md\/index.php?rest_route=\/wp\/v2\/pages\/689\/revisions"}],"predecessor-version":[{"id":1352,"href":"https:\/\/phys.usm.md\/index.php?rest_route=\/wp\/v2\/pages\/689\/revisions\/1352"}],"wp:attachment":[{"href":"https:\/\/phys.usm.md\/index.php?rest_route=%2Fwp%2Fv2%2Fmedia&parent=689"}],"curies":[{"name":"wp","href":"https:\/\/api.w.org\/{rel}","templated":true}]}}