{"id":74,"date":"2021-10-21T10:43:42","date_gmt":"2021-10-21T10:43:42","guid":{"rendered":"https:\/\/phys.usm.md\/?page_id=74"},"modified":"2021-11-09T13:37:00","modified_gmt":"2021-11-09T13:37:00","slug":"conducere-facultate","status":"publish","type":"page","link":"https:\/\/phys.usm.md\/?page_id=74","title":{"rendered":"Conducere facultate"},"content":{"rendered":"<h4>Conducerea Facult\u0103\u021bii de Fizic\u0103 \u0219i Inginerie este reprezentat\u0103 prin:<\/h4>\n<ul>\n<li>Consiliul Facult\u0103\u021bii de Fizic\u0103 \u0219i inginerie<\/li>\n<li>Biroul Consiliului Facult\u0103\u021bii de Fizic\u0103 \u0219i inginerie<\/li>\n<li>Decanatul Facult\u0103\u021bii de Fizic\u0103 \u0219i inginerie (Decan, Prodecan)<\/li>\n<li>Comisia de Asigurare a Calit\u0103\u021bii<\/li>\n<\/ul>\n<p>&nbsp;<\/p>\n<ol>\n<li style=\"text-align: justify;\">Organul suprem de conducere al Facult\u0103\u0163ii este <strong>Consiliul Facult\u0103\u0163ii<\/strong>, ales pentru un termen de cinci ani \u00een conformitate cu <em>Regulamentul cu privire la modul de ocupare a posturilordidactice \u00een institu\u0163iile de \u00eenv\u0103\u021b\u0103m\u00e2nt superior din Republica Moldova (2010) \u0219i Regulamentul-cadru privind organizarea \u0219i func\u021bionarea organelor de conducere ale institu\u0163iilor de \u00eenv\u0103\u0163\u0103m\u00e2nt superior din Republica Moldova (2015). <\/em><strong>Consiliul Facult\u0103\u0163ii are urm\u0103toarele atribu\u0163ii: <\/strong><em>determin\u0103 strategia dezvolt\u0103rii Facult\u0103\u0163ii corelat\u0103 la planul strategic al Universit\u0103\u0163ii; aprob\u0103 planul strategic al Facult\u0103\u0163ii; coordoneaz\u0103 \u0219i monitorizeaz\u0103 procesul de asigurare a calit\u0103\u021bii procesului didactic la Facultate; propune pentru aprobare Senatului Universit\u0103\u0163ii modific\u0103ri \u00een structura Facult\u0103\u0163ii; propune, \u00een conformitate cu legisla\u0163ia \u00een vigoare, candidaturi pentru ocuparea postului de rector al USM \u015fi de decan al Facult\u0103\u0163ii; examineaz\u0103 \u015fi prezint\u0103 Senatului pentru aprobare planurile de \u00eenv\u0103\u0163\u0103m\u00e2nt pe specialit\u0103\u0163i \u0219i programe de master, curricula pentru unit\u0103\u0163ile de curs\/module; examineaz\u0103 \u0219i propune spre aprobare Senatului USM deschiderea unor specialit\u0103\u021bi noi pentru studii superioare de licen\u021b\u0103, ciclul I \u015fi programe pentru studiile superioare de master, ciclul II; analizeaz\u0103 rezultatele evalu\u0103rilor finale (din cadrul sesiunilor, stagiilor de practic\u0103 etc.); \u00a0examineaz\u0103 problemele cu privire la dinamica contingentului de studen\u0163i (promovarea, restabilirea, transferul de la o form\u0103 de studii la alta, studierea \u00een paralel la a doua specialitate etc.); evalueaz\u0103 rezultatele examenului de licen\u0163\u0103, ale sus\u0163inerii tezelor de master \u015fi le propune Senatului pentru aprobare; anual, aprob\u0103 raportul decanului cu privire la activitatea didactico-\u015ftiin\u0163ific\u0103 \u015fi educativ\u0103 a Facult\u0103\u0163ii, care este analizat de c\u0103tre Consiliul Calit\u0103\u021bii USM \u0219i prezentat spre aprobare Rectorului; \u00a0realizeaz\u0103 alte atribu\u0163ii prev\u0103zute de legisla\u0163ia \u00een vigoare.\u00a0<\/em><\/li>\n<li style=\"text-align: justify;\">\u00cen perioadele dintre \u015fedin\u0163ele Consiliului Facult\u0103\u0163ii conducerea operativ\u0103 este efectuat\u0103 de <strong>Biroul Facult\u0103\u0163ii. Biroul Facult\u0103\u0163ii are urm\u0103toarele atribu\u0163ii:<\/strong>\u00a0<em>implementeaz\u0103 hot\u0103r\u00e2rile Consiliului Facult\u0103\u0163ii \u015fi ia hot\u0103r\u00e2ri privind problemele curente, \u00een perioada dintre \u015fedin\u0163ele Consiliului Facult\u0103\u0163ii; <\/em><em>coordoneaz\u0103 desf\u0103\u015furarea \u015fedin\u0163elor Consiliului; <\/em><em>\u00a0asigur\u0103 conducerea curent\u0103 a Facult\u0103\u0163ii; <\/em><em>convoac\u0103 \u015fedin\u0163ele extraordinare ale Consiliului Facult\u0103\u021bii; <\/em><em>\u00a0se implic\u0103 \u00een elaborarea strategiei de dezvoltare a Facult\u0103\u0163ii; <\/em><em>\u00a0coordoneaz\u0103 buna desf\u0103\u015furare a procesului didactic de la Facultate; <\/em><em>se implic\u0103 \u00een rezolvarea problemelor sociale ale studen\u0163ilor \u0219i profesorilor.<\/em><\/li>\n<li style=\"text-align: justify;\"><strong>Comisia de Asigurare a Calit\u0103\u021bii<\/strong> este un organ consultativ al Consiliului Facult\u0103\u021bii care asigur\u0103 calitatea procesului didactic \u00een cadrul Facult\u0103\u021bii. <strong>Comisia de Asigurare a Calit\u0103\u021bii are urm\u0103toarele atribu\u021bii:<\/strong> <em>aplic\u0103 politica USM \u00een domeniul asigur\u0103rii calit\u0103\u021bii procesului didactic; implementeaz\u0103 hot\u0103r\u00e2rile Consiliului Facult\u0103\u0163ii cu privire la asigurarea calit\u0103\u021bii studiilor la specialit\u0103\u021bi; coordoneaz\u0103, monitorizeaz\u0103 \u0219i evalueaz\u0103 sistemul de asigurare a calit\u0103\u021bii la Facultate.<\/em><\/li>\n<li style=\"text-align: justify;\"><strong>Decanul<\/strong> realizeaz\u0103 conducerea executiv\u0103 a Facult\u0103\u0163ii \u0219i are <strong>urm\u0103toarele atribu\u0163i<\/strong>i: <em>administreaz\u0103 activit\u0103\u0163ile Facult\u0103\u0163ii; activeaz\u0103 \u00een numele Facult\u0103\u0163ii, reprezent\u00e2nd-o at\u00e2t \u00een cadrul institu\u0163iei, c\u00e2t \u015fi \u00een rela\u0163iile cu alte persoane juridice \u015fi fizice; \u00a0se subordoneaz\u0103 nemijlocit rectorului USM \u015fi\/sau, prin delegare, prorectorilor \u00een domenii de activitate; conduce \u015fedin\u0163ele Consiliului Facult\u0103\u0163ii, Biroului Facult\u0103\u0163ii \u015fi asigur\u0103 executarea hot\u0103r\u00e2rilor adoptate; organizeaz\u0103, coordoneaz\u0103 \u015fi supravegheaz\u0103 realizarea procesului de studii \u015fi de cercetare \u015ftiin\u0163ific\u0103 \u00een cadrul Facult\u0103\u0163ii; se implic\u0103 \u00een elaborarea planurilor de \u00eenv\u0103\u021b\u0103m\u00e2nt, \u00een colaborare cu departamentele de specialitate; \u00a0aprob\u0103 planurile individuale de lucru ale conduc\u0103torilor subdiviziunilor Facult\u0103\u0163ii (departamente, laboratoare\/centre, etc.); monitorizeaz\u0103 activitatea de mobilitate academic\u0103 a studen\u0163ilor; monitorizeaz\u0103 contingentul de studen\u0163i \u00een cadrul Facult\u0103\u0163ii; \u00a0monitorizeaz\u0103 achitarea taxelor de studii de c\u0103tre studen\u021bi; \u00a0stabile\u0219te parteneriate didactice, \u0219tiin\u021bifice \u0219i educa\u021bionale cu institu\u021bii similare \u0219i asigur\u0103 eficien\u021ba acestora pe domeniile: didactic, \u0219tiin\u021bific \u0219i extracurricular; creeaz\u0103 la Facultate un mediu educa\u021bional prin organizarea activit\u0103\u021bilor extracurriculare a studen\u0163ilor; supravegheaz\u0103 activit\u0103\u0163ile de acordare a burselor pentru studen\u0163i \u015fi de repartizare a locurilor \u00een c\u0103minele studen\u0163e\u015fti; \u00a0este responsabil de asigurarea inform\u0103rii studen\u021bilor privitor la oportunit\u0103\u021bile de plasare \u00een c\u00e2mpul muncii a tinerilor speciali\u015fti, absolven\u0163i ai Facult\u0103\u0163ii; \u00a0propune rectorului pentru desemnare sau destituire candidaturi la postul de prodecan; \u00a0determin\u0103 \u015fi repartizeaz\u0103 atribu\u0163iile \u00eentre prodecani; \u00a0prezint\u0103 Consiliului Facult\u0103\u0163ii \u015fi Senatului USM raportul cu privire la activitatea anual\u0103 a Facult\u0103\u0163ii; \u00a0este responsabil de men\u021binerea \u00een ordine, conform cerin\u0163elor, a documenta\u0163iei de la decanat; \u00a0este responsabil de disciplina de munc\u0103 a personalului facult\u0103\u021bii; este responsabil de organizarea \u0219i desf\u0103\u0219urarea admiterii la Facultate; este membru al Comisiei de plasare \u00een c\u00e2mpul muncii a absolven\u0163ilor Facult\u0103\u0163ii; \u00a0este responsabil de buna func\u021bionare a Facult\u0103\u021bii \u00een baza legisla\u0163iei \u00een vigoare; exercit\u0103 \u015fi alte atribu\u0163ii, potrivit legisla\u0163iei \u00een vigoare \u015fi reglement\u0103rilor institu\u0163ionale interne ale USM.\u00a0<\/em><\/li>\n<li style=\"text-align: justify;\"><strong>Prodecanul<\/strong> face parte din Biroul Facult\u0103\u0163ii \u015fi de r\u00e2nd cu decanul \u015fi sub conducerea acestuia, realizeaz\u0103 conducerea operativ\u0103 a Facult\u0103\u0163ii, \u00een perioada dintre \u015fedin\u0163ele Consiliului Facult\u0103\u0163ii. <strong>Prodecanul are urm\u0103toarele atribu\u0163ii generale: <\/strong><em>\u00eempreun\u0103 cu decanul realizeaz\u0103 managementul Facult\u0103\u0163ii; se subordoneaz\u0103 nemijlocit decanului; \u00een cazul c\u00e2nd este vice-pre\u015fedinte al Consiliului Facult\u0103\u0163ii, \u00een lipsa decanului conduce \u015fedin\u0163ele Consiliului Facult\u0103\u0163ii; coordoneaz\u0103 \u015fi monitorizeaz\u0103 procesul de studii de la Facultate; \u00a0monitorizeaz\u0103 dinamica contingentului de studen\u0163i; \u00a0monitorizeaz\u0103 disciplina de munc\u0103 a cadrelor didactice \u015fi disciplina de studii a studen\u0163ilor; <\/em><em>realizeaz\u0103 managementul informa\u0163iei la nivelul grupelor academice; \u00a0monitorizeaz\u0103 activitatea tutorilor grupelor academice; se implic\u0103 \u00een rezolvarea problemelor logistice cu care se confrunt\u0103 studen\u0163ii; \u00a0\u00eempreun\u0103 cu decanul, este responsabil de men\u0163inerea \u00een ordine, conform cerin\u0163elor, a documenta\u021biei de la decanat.<\/em><\/li>\n<li><strong> \u015eeful de departament<\/strong> realizeaz\u0103 conducerea operativ\u0103 a departamentului.<\/li>\n<\/ol>\n","protected":false},"excerpt":{"rendered":"<p>Conducerea Facult\u0103\u021bii de Fizic\u0103 \u0219i Inginerie este reprezentat\u0103 prin: Consiliul Facult\u0103\u021bii de Fizic\u0103 \u0219i inginerie Biroul Consiliului Facult\u0103\u021bii de Fizic\u0103 \u0219i inginerie Decanatul Facult\u0103\u021bii de Fizic\u0103 \u0219i inginerie (Decan, Prodecan) Comisia de Asigurare a Calit\u0103\u021bii &nbsp; Organul suprem de conducere al Facult\u0103\u0163ii este Consiliul Facult\u0103\u0163ii, ales pentru un termen de cinci ani \u00een conformitate cu&hellip; <br \/> <a class=\"read-more\" href=\"https:\/\/phys.usm.md\/?page_id=74\">Cite\u0219te mai mult<\/a><\/p>\n","protected":false},"author":1,"featured_media":0,"parent":0,"menu_order":0,"comment_status":"closed","ping_status":"closed","template":"","meta":{"footnotes":""},"class_list":["post-74","page","type-page","status-publish","hentry"],"rttpg_featured_image_url":null,"rttpg_author":{"display_name":"","author_link":"https:\/\/phys.usm.md\/?author=1"},"rttpg_comment":0,"rttpg_category":null,"rttpg_excerpt":"Conducerea Facult\u0103\u021bii de Fizic\u0103 \u0219i Inginerie este reprezentat\u0103 prin: Consiliul Facult\u0103\u021bii de Fizic\u0103 \u0219i inginerie Biroul Consiliului Facult\u0103\u021bii de Fizic\u0103 \u0219i inginerie Decanatul Facult\u0103\u021bii de Fizic\u0103 \u0219i inginerie (Decan, Prodecan) Comisia de Asigurare a Calit\u0103\u021bii &nbsp; Organul suprem de conducere al Facult\u0103\u0163ii este Consiliul Facult\u0103\u0163ii, ales pentru un termen de cinci ani \u00een conformitate cu&hellip;&hellip;","_links":{"self":[{"href":"https:\/\/phys.usm.md\/index.php?rest_route=\/wp\/v2\/pages\/74","targetHints":{"allow":["GET"]}}],"collection":[{"href":"https:\/\/phys.usm.md\/index.php?rest_route=\/wp\/v2\/pages"}],"about":[{"href":"https:\/\/phys.usm.md\/index.php?rest_route=\/wp\/v2\/types\/page"}],"author":[{"embeddable":true,"href":"https:\/\/phys.usm.md\/index.php?rest_route=\/wp\/v2\/users\/1"}],"replies":[{"embeddable":true,"href":"https:\/\/phys.usm.md\/index.php?rest_route=%2Fwp%2Fv2%2Fcomments&post=74"}],"version-history":[{"count":3,"href":"https:\/\/phys.usm.md\/index.php?rest_route=\/wp\/v2\/pages\/74\/revisions"}],"predecessor-version":[{"id":206,"href":"https:\/\/phys.usm.md\/index.php?rest_route=\/wp\/v2\/pages\/74\/revisions\/206"}],"wp:attachment":[{"href":"https:\/\/phys.usm.md\/index.php?rest_route=%2Fwp%2Fv2%2Fmedia&parent=74"}],"curies":[{"name":"wp","href":"https:\/\/api.w.org\/{rel}","templated":true}]}}