{"id":791,"date":"2022-10-07T07:28:24","date_gmt":"2022-10-07T07:28:24","guid":{"rendered":"https:\/\/phys.usm.md\/?page_id=791"},"modified":"2026-03-11T08:10:17","modified_gmt":"2026-03-11T08:10:17","slug":"acte-normative","status":"publish","type":"page","link":"https:\/\/phys.usm.md\/?page_id=791","title":{"rendered":"Acte normative"},"content":{"rendered":"<p><span style=\"color: #008000;\"><strong><span style=\"font-size: 20px;\">Activitate institu\u021bional\u0103<\/span><\/strong><\/span><\/p>\n<ul>\n<li style=\"list-style-type: none;\">\n<ul>\n<li><a href=\"https:\/\/usm.md\/wp-content\/uploads\/Regulamentul-Facultatii-Universitatii-de-Stat-din-Moldova.pdf\">Regulamentul facult\u0103\u021bii Universit\u0103\u021bii de Stat din Moldova<\/a><\/li>\n<li><a href=\"https:\/\/usm.md\/wp-content\/uploads\/Regulamentul-Departamentului-Academic_-USM.pdf\">Regulamentul Departamentului academic al Universit\u0103\u021bii de Stat din Moldova<\/a><\/li>\n<li><a href=\"https:\/\/usm.md\/wp-content\/uploads\/Regulament_institut_ciclul-I_2020_final-_1_.pdf\">Regulament privind formarea profesional\u0103 la ciclul I, studii superioare de licen\u021b\u0103, \u00een cadrul USM<\/a><\/li>\n<li><a href=\"https:\/\/usm.md\/wp-content\/uploads\/jpg2pdf.pdf\">Regulamentul cu privire la organizarea stagiilor de practic\u0103<\/a><\/li>\n<li><a href=\"https:\/\/usm.md\/wp-content\/uploads\/STRATEGIA-DE-PROMOVARE-A-PROGRAMELOR-DE-STUDII.pdf\">Strategia de promovare a programelor de studii<\/a><\/li>\n<li><a href=\"https:\/\/usm.md\/wp-content\/uploads\/Regulament_fondul-facultatilor.pdf\">Regulament institu\u021bional privind metodologia de instituire \u0219i utilizare a fondului facult\u0103\u021bilor USM<\/a><\/li>\n<li><a href=\"https:\/\/usm.md\/wp-content\/uploads\/Consiliul_pentru_probleme_studentesti.pdf\">Regulament de organizare \u0219i func\u021bionare a consiliului pentru probleme studen\u021be\u0219ti<\/a><\/li>\n<li><a href=\"https:\/\/usm.md\/wp-content\/uploads\/Regulamentul_privind_functionarea_caminelor.pdf\">Regulament privind func\u021bionarea c\u0103minelor din subordinea USM<\/a><\/li>\n<li><strong><span style=\"font-family: 'times new roman', times; font-size: 12pt;\"><a style=\"color: #2ebcfc;\" href=\"https:\/\/phys.usm.md\/wp-content\/uploads\/Plan-strategic-FFI_2021-2025.pdf\">Plan strategic FFI_2021-2025<\/a><\/span><\/strong><\/li>\n<\/ul>\n<\/li>\n<\/ul>\n<hr class=\"wp-block-separator\" \/>\n<p><span style=\"color: #008000;\"><strong><span style=\"font-size: 20px;\">Sistemul informa\u021bional<\/span><\/strong><\/span><\/p>\n<ul>\n<li><a href=\"https:\/\/usm.md\/wp-content\/uploads\/2016\/Politica_Acces_USM.pdf\">Politica institu\u021bional\u0103 a USM privind accesul deschis la informa\u021bie<\/a><\/li>\n<li><a href=\"https:\/\/usm.md\/wp-content\/uploads\/POLITICA-DE-SECURITATE.pdf\">Politica de securitate privind protec\u021bia datelor cu caracter personal \u00een cadrul USM<\/a><\/li>\n<li><a href=\"https:\/\/usm.md\/wp-content\/uploads\/7.2.-Regulament-USM-GESTIONAREA-INFORMATIEI-TRASEULUI-ACADEMIC.pdf\">Regulament institu\u021bional privind gestionarea informa\u021biei traseului academic<\/a><\/li>\n<li><a href=\"https:\/\/usm.md\/wp-content\/uploads\/Regulament_institutional_privind_Registrul_electronic_al_reusitei_academice.pdf\">Regulament institu\u021bional privind Registrul electronic al reu\u0219itei academice<\/a><\/li>\n<li><a href=\"https:\/\/usm.md\/wp-content\/uploads\/regulamentul-antiplagiat-1.pdf\">Regulamentul antiplagiat al Universit\u0103\u021bii de Stat din Moldova<\/a><\/li>\n<li><a href=\"https:\/\/usm.md\/wp-content\/uploads\/Cu_privire_la_procedura_operationala_emiterea_procesarea_si_publicarea_informatiilor-si-documentelor-pe-siteul_usm.pdf\">Procedura opera\u021bional\u0103 \u201eEmiterea, procesarea \u0219i publicarea informa\u021biilor \u0219i documentelor pe site-ul USM\u201d<\/a><\/li>\n<\/ul>\n","protected":false},"excerpt":{"rendered":"<p>Activitate institu\u021bional\u0103 Regulamentul facult\u0103\u021bii Universit\u0103\u021bii de Stat din Moldova Regulamentul Departamentului academic al Universit\u0103\u021bii de Stat din Moldova Regulament privind formarea profesional\u0103 la ciclul I, studii superioare de licen\u021b\u0103, \u00een cadrul USM Regulamentul cu privire la organizarea stagiilor de practic\u0103 Strategia de promovare a programelor de studii Regulament institu\u021bional privind metodologia de instituire \u0219i utilizare&hellip; <br \/> <a class=\"read-more\" href=\"https:\/\/phys.usm.md\/?page_id=791\">Cite\u0219te mai mult<\/a><\/p>\n","protected":false},"author":1,"featured_media":0,"parent":0,"menu_order":0,"comment_status":"closed","ping_status":"closed","template":"","meta":{"footnotes":""},"class_list":["post-791","page","type-page","status-publish","hentry"],"rttpg_featured_image_url":null,"rttpg_author":{"display_name":"","author_link":"https:\/\/phys.usm.md\/?author=1"},"rttpg_comment":0,"rttpg_category":null,"rttpg_excerpt":"Activitate institu\u021bional\u0103 Regulamentul facult\u0103\u021bii Universit\u0103\u021bii de Stat din Moldova Regulamentul Departamentului academic al Universit\u0103\u021bii de Stat din Moldova Regulament privind formarea profesional\u0103 la ciclul I, studii superioare de licen\u021b\u0103, \u00een cadrul USM Regulamentul cu privire la organizarea stagiilor de practic\u0103 Strategia de promovare a programelor de studii Regulament institu\u021bional privind metodologia de instituire \u0219i utilizare&hellip;&hellip;","_links":{"self":[{"href":"https:\/\/phys.usm.md\/index.php?rest_route=\/wp\/v2\/pages\/791","targetHints":{"allow":["GET"]}}],"collection":[{"href":"https:\/\/phys.usm.md\/index.php?rest_route=\/wp\/v2\/pages"}],"about":[{"href":"https:\/\/phys.usm.md\/index.php?rest_route=\/wp\/v2\/types\/page"}],"author":[{"embeddable":true,"href":"https:\/\/phys.usm.md\/index.php?rest_route=\/wp\/v2\/users\/1"}],"replies":[{"embeddable":true,"href":"https:\/\/phys.usm.md\/index.php?rest_route=%2Fwp%2Fv2%2Fcomments&post=791"}],"version-history":[{"count":14,"href":"https:\/\/phys.usm.md\/index.php?rest_route=\/wp\/v2\/pages\/791\/revisions"}],"predecessor-version":[{"id":1491,"href":"https:\/\/phys.usm.md\/index.php?rest_route=\/wp\/v2\/pages\/791\/revisions\/1491"}],"wp:attachment":[{"href":"https:\/\/phys.usm.md\/index.php?rest_route=%2Fwp%2Fv2%2Fmedia&parent=791"}],"curies":[{"name":"wp","href":"https:\/\/api.w.org\/{rel}","templated":true}]}}